{"id":98,"date":"2018-12-13T09:11:37","date_gmt":"2018-12-13T09:11:37","guid":{"rendered":"http:\/\/www.benetton-ulm.de\/?page_id=98"},"modified":"2025-01-20T13:12:14","modified_gmt":"2025-01-20T13:12:14","slug":"damenmode","status":"publish","type":"page","link":"http:\/\/www.benetton-ulm.de\/index.php\/damenmode\/","title":{"rendered":"DAMEN-&#038; KINDERMODE IN DER PFAUENGASSE 5"},"content":{"rendered":"\t\t<div data-elementor-type=\"wp-post\" data-elementor-id=\"98\" class=\"elementor elementor-98\">\n\t\t\t\t\t\t<section class=\"elementor-section elementor-top-section elementor-element elementor-element-e11eb75 elementor-section-boxed elementor-section-height-default elementor-section-height-default\" data-id=\"e11eb75\" data-element_type=\"section\">\n\t\t\t\t\t\t<div class=\"elementor-container elementor-column-gap-default\">\n\t\t\t\t\t<div class=\"elementor-column elementor-col-100 elementor-top-column elementor-element elementor-element-2839641\" data-id=\"2839641\" data-element_type=\"column\">\n\t\t\t<div class=\"elementor-widget-wrap\">\n\t\t\t\t\t\t\t<\/div>\n\t\t<\/div>\n\t\t\t\t\t<\/div>\n\t\t<\/section>\n\t\t\t\t<section class=\"elementor-section elementor-top-section elementor-element elementor-element-8838212 elementor-section-boxed elementor-section-height-default elementor-section-height-default\" data-id=\"8838212\" data-element_type=\"section\">\n\t\t\t\t\t\t<div class=\"elementor-container elementor-column-gap-default\">\n\t\t\t\t\t<div class=\"elementor-column elementor-col-50 elementor-top-column elementor-element elementor-element-cd73a27\" data-id=\"cd73a27\" data-element_type=\"column\">\n\t\t\t<div class=\"elementor-widget-wrap elementor-element-populated\">\n\t\t\t\t\t\t<div class=\"elementor-element elementor-element-db624f5 elementor-widget elementor-widget-image\" data-id=\"db624f5\" data-element_type=\"widget\" data-widget_type=\"image.default\">\n\t\t\t\t<div class=\"elementor-widget-container\">\n\t\t\t\t\t\t\t\t\t\t\t\t\t\t\t<img fetchpriority=\"high\" decoding=\"async\" width=\"859\" height=\"420\" src=\"http:\/\/www.benetton-ulm.de\/wp-content\/uploads\/2018\/12\/storedamen2.jpg\" class=\"attachment-large size-large wp-image-115\" alt=\"\" srcset=\"http:\/\/www.benetton-ulm.de\/wp-content\/uploads\/2018\/12\/storedamen2.jpg 859w, http:\/\/www.benetton-ulm.de\/wp-content\/uploads\/2018\/12\/storedamen2-416x203.jpg 416w, http:\/\/www.benetton-ulm.de\/wp-content\/uploads\/2018\/12\/storedamen2-300x147.jpg 300w, http:\/\/www.benetton-ulm.de\/wp-content\/uploads\/2018\/12\/storedamen2-768x376.jpg 768w\" sizes=\"(max-width: 859px) 100vw, 859px\" \/>\t\t\t\t\t\t\t\t\t\t\t\t\t\t\t<\/div>\n\t\t\t\t<\/div>\n\t\t\t\t\t<\/div>\n\t\t<\/div>\n\t\t\t\t<div class=\"elementor-column elementor-col-50 elementor-top-column elementor-element elementor-element-628f971\" data-id=\"628f971\" data-element_type=\"column\">\n\t\t\t<div class=\"elementor-widget-wrap elementor-element-populated\">\n\t\t\t\t\t\t<div class=\"elementor-element elementor-element-1076e8e elementor-widget__width-initial elementor-widget elementor-widget-image\" data-id=\"1076e8e\" data-element_type=\"widget\" data-widget_type=\"image.default\">\n\t\t\t\t<div class=\"elementor-widget-container\">\n\t\t\t\t\t\t\t\t\t\t\t\t\t\t\t<img decoding=\"async\" width=\"980\" height=\"654\" src=\"http:\/\/www.benetton-ulm.de\/wp-content\/uploads\/2018\/12\/4899379824_IMG_2950-2-1024x683.jpg\" class=\"attachment-large size-large wp-image-227\" alt=\"\" srcset=\"http:\/\/www.benetton-ulm.de\/wp-content\/uploads\/2018\/12\/4899379824_IMG_2950-2-1024x683.jpg 1024w, http:\/\/www.benetton-ulm.de\/wp-content\/uploads\/2018\/12\/4899379824_IMG_2950-2-416x277.jpg 416w, http:\/\/www.benetton-ulm.de\/wp-content\/uploads\/2018\/12\/4899379824_IMG_2950-2-300x200.jpg 300w, http:\/\/www.benetton-ulm.de\/wp-content\/uploads\/2018\/12\/4899379824_IMG_2950-2-768x512.jpg 768w\" sizes=\"(max-width: 980px) 100vw, 980px\" \/>\t\t\t\t\t\t\t\t\t\t\t\t\t\t\t<\/div>\n\t\t\t\t<\/div>\n\t\t\t\t\t<\/div>\n\t\t<\/div>\n\t\t\t\t\t<\/div>\n\t\t<\/section>\n\t\t\t\t<section class=\"elementor-section elementor-top-section elementor-element elementor-element-2daa617 elementor-section-boxed elementor-section-height-default elementor-section-height-default\" data-id=\"2daa617\" data-element_type=\"section\">\n\t\t\t\t\t\t<div class=\"elementor-container elementor-column-gap-default\">\n\t\t\t\t\t<div class=\"elementor-column elementor-col-33 elementor-top-column elementor-element elementor-element-3d0086d\" data-id=\"3d0086d\" data-element_type=\"column\">\n\t\t\t<div class=\"elementor-widget-wrap elementor-element-populated\">\n\t\t\t\t\t\t<div class=\"elementor-element elementor-element-3049165 elementor-widget elementor-widget-image\" data-id=\"3049165\" data-element_type=\"widget\" data-widget_type=\"image.default\">\n\t\t\t\t<div class=\"elementor-widget-container\">\n\t\t\t\t\t\t\t\t\t\t\t\t\t\t\t<img decoding=\"async\" width=\"980\" height=\"735\" src=\"http:\/\/www.benetton-ulm.de\/wp-content\/uploads\/2021\/05\/lederjacke-1024x768.jpg\" class=\"attachment-large size-large wp-image-468\" alt=\"\" srcset=\"http:\/\/www.benetton-ulm.de\/wp-content\/uploads\/2021\/05\/lederjacke-1024x768.jpg 1024w, http:\/\/www.benetton-ulm.de\/wp-content\/uploads\/2021\/05\/lederjacke-300x225.jpg 300w, http:\/\/www.benetton-ulm.de\/wp-content\/uploads\/2021\/05\/lederjacke-768x576.jpg 768w, http:\/\/www.benetton-ulm.de\/wp-content\/uploads\/2021\/05\/lederjacke-1536x1152.jpg 1536w, http:\/\/www.benetton-ulm.de\/wp-content\/uploads\/2021\/05\/lederjacke-2048x1536.jpg 2048w, http:\/\/www.benetton-ulm.de\/wp-content\/uploads\/2021\/05\/lederjacke-416x312.jpg 416w\" sizes=\"(max-width: 980px) 100vw, 980px\" \/>\t\t\t\t\t\t\t\t\t\t\t\t\t\t\t<\/div>\n\t\t\t\t<\/div>\n\t\t\t\t\t<\/div>\n\t\t<\/div>\n\t\t\t\t<div class=\"elementor-column elementor-col-33 elementor-top-column elementor-element elementor-element-7c3222b\" data-id=\"7c3222b\" data-element_type=\"column\">\n\t\t\t<div class=\"elementor-widget-wrap elementor-element-populated\">\n\t\t\t\t\t\t<div class=\"elementor-element elementor-element-918912b elementor-widget elementor-widget-image\" data-id=\"918912b\" data-element_type=\"widget\" data-widget_type=\"image.default\">\n\t\t\t\t<div class=\"elementor-widget-container\">\n\t\t\t\t\t\t\t\t\t\t\t\t\t\t\t<img loading=\"lazy\" decoding=\"async\" width=\"724\" height=\"1024\" src=\"http:\/\/www.benetton-ulm.de\/wp-content\/uploads\/2025\/01\/kid_h_r__pagine_singole_adv_ucb_fw24_con_logo-1-724x1024.jpg\" class=\"attachment-large size-large wp-image-569\" alt=\"\" srcset=\"http:\/\/www.benetton-ulm.de\/wp-content\/uploads\/2025\/01\/kid_h_r__pagine_singole_adv_ucb_fw24_con_logo-1-724x1024.jpg 724w, http:\/\/www.benetton-ulm.de\/wp-content\/uploads\/2025\/01\/kid_h_r__pagine_singole_adv_ucb_fw24_con_logo-1-212x300.jpg 212w, http:\/\/www.benetton-ulm.de\/wp-content\/uploads\/2025\/01\/kid_h_r__pagine_singole_adv_ucb_fw24_con_logo-1-768x1086.jpg 768w, http:\/\/www.benetton-ulm.de\/wp-content\/uploads\/2025\/01\/kid_h_r__pagine_singole_adv_ucb_fw24_con_logo-1-1086x1536.jpg 1086w, http:\/\/www.benetton-ulm.de\/wp-content\/uploads\/2025\/01\/kid_h_r__pagine_singole_adv_ucb_fw24_con_logo-1-1448x2048.jpg 1448w, http:\/\/www.benetton-ulm.de\/wp-content\/uploads\/2025\/01\/kid_h_r__pagine_singole_adv_ucb_fw24_con_logo-1-scaled.jpg 1810w\" sizes=\"(max-width: 724px) 100vw, 724px\" \/>\t\t\t\t\t\t\t\t\t\t\t\t\t\t\t<\/div>\n\t\t\t\t<\/div>\n\t\t\t\t\t<\/div>\n\t\t<\/div>\n\t\t\t\t<div class=\"elementor-column elementor-col-33 elementor-top-column elementor-element elementor-element-75e8011\" data-id=\"75e8011\" data-element_type=\"column\">\n\t\t\t<div class=\"elementor-widget-wrap elementor-element-populated\">\n\t\t\t\t\t\t<div class=\"elementor-element elementor-element-66613b2 elementor-widget elementor-widget-image\" data-id=\"66613b2\" data-element_type=\"widget\" data-widget_type=\"image.default\">\n\t\t\t\t<div class=\"elementor-widget-container\">\n\t\t\t\t\t\t\t\t\t\t\t\t\t\t\t<img loading=\"lazy\" decoding=\"async\" width=\"980\" height=\"654\" src=\"http:\/\/www.benetton-ulm.de\/wp-content\/uploads\/2018\/12\/4864815440_IMG_2948-2-1024x683.jpg\" class=\"attachment-large size-large wp-image-223\" alt=\"\" srcset=\"http:\/\/www.benetton-ulm.de\/wp-content\/uploads\/2018\/12\/4864815440_IMG_2948-2-1024x683.jpg 1024w, http:\/\/www.benetton-ulm.de\/wp-content\/uploads\/2018\/12\/4864815440_IMG_2948-2-416x277.jpg 416w, http:\/\/www.benetton-ulm.de\/wp-content\/uploads\/2018\/12\/4864815440_IMG_2948-2-300x200.jpg 300w, http:\/\/www.benetton-ulm.de\/wp-content\/uploads\/2018\/12\/4864815440_IMG_2948-2-768x512.jpg 768w\" sizes=\"(max-width: 980px) 100vw, 980px\" \/>\t\t\t\t\t\t\t\t\t\t\t\t\t\t\t<\/div>\n\t\t\t\t<\/div>\n\t\t\t\t\t<\/div>\n\t\t<\/div>\n\t\t\t\t\t<\/div>\n\t\t<\/section>\n\t\t\t\t<section class=\"elementor-section elementor-top-section elementor-element elementor-element-35b8754 elementor-section-boxed elementor-section-height-default elementor-section-height-default\" data-id=\"35b8754\" data-element_type=\"section\">\n\t\t\t\t\t\t<div class=\"elementor-container elementor-column-gap-default\">\n\t\t\t\t\t<div class=\"elementor-column elementor-col-100 elementor-top-column elementor-element elementor-element-b084985\" data-id=\"b084985\" data-element_type=\"column\">\n\t\t\t<div class=\"elementor-widget-wrap elementor-element-populated\">\n\t\t\t\t\t\t<div class=\"elementor-element elementor-element-1bcf67d elementor-widget elementor-widget-spacer\" data-id=\"1bcf67d\" data-element_type=\"widget\" data-widget_type=\"spacer.default\">\n\t\t\t\t<div class=\"elementor-widget-container\">\n\t\t\t\t\t\t\t<div class=\"elementor-spacer\">\n\t\t\t<div class=\"elementor-spacer-inner\"><\/div>\n\t\t<\/div>\n\t\t\t\t\t\t<\/div>\n\t\t\t\t<\/div>\n\t\t\t\t<div class=\"elementor-element elementor-element-36316dc elementor-widget elementor-widget-heading\" data-id=\"36316dc\" data-element_type=\"widget\" data-widget_type=\"heading.default\">\n\t\t\t\t<div class=\"elementor-widget-container\">\n\t\t\t\t\t<h2 class=\"elementor-heading-title elementor-size-medium\">\u00d6FFNUNGSZEITEN<\/h2>\t\t\t\t<\/div>\n\t\t\t\t<\/div>\n\t\t\t\t<div class=\"elementor-element elementor-element-b250c82 elementor-widget elementor-widget-text-editor\" data-id=\"b250c82\" data-element_type=\"widget\" data-widget_type=\"text-editor.default\">\n\t\t\t\t<div class=\"elementor-widget-container\">\n\t\t\t\t\t\t\t\t\t<p>Montag &#8211; Samstag&nbsp; &nbsp;10:00 &#8211; 18:00 Uhr<\/p>\n<p><\/p>\t\t\t\t\t\t\t\t<\/div>\n\t\t\t\t<\/div>\n\t\t\t\t<div class=\"elementor-element elementor-element-9ddb532 elementor-widget elementor-widget-heading\" data-id=\"9ddb532\" data-element_type=\"widget\" data-widget_type=\"heading.default\">\n\t\t\t\t<div class=\"elementor-widget-container\">\n\t\t\t\t\t<h2 class=\"elementor-heading-title elementor-size-medium\">KONTAKT<\/h2>\t\t\t\t<\/div>\n\t\t\t\t<\/div>\n\t\t\t\t<div class=\"elementor-element elementor-element-7244498 elementor-widget elementor-widget-text-editor\" data-id=\"7244498\" data-element_type=\"widget\" data-widget_type=\"text-editor.default\">\n\t\t\t\t<div class=\"elementor-widget-container\">\n\t\t\t\t\t\t\t\t\t<p>Telefon: 0731 6020730<i class=\"fa fa-envelope-o\" style=\"font-size: 22px; color: #009933;\"><\/i><\/p><p>E-Mail: info@benetton-ulm.de<\/p>\t\t\t\t\t\t\t\t<\/div>\n\t\t\t\t<\/div>\n\t\t\t\t<div class=\"elementor-element elementor-element-f9dcfca elementor-widget elementor-widget-spacer\" data-id=\"f9dcfca\" data-element_type=\"widget\" data-widget_type=\"spacer.default\">\n\t\t\t\t<div class=\"elementor-widget-container\">\n\t\t\t\t\t\t\t<div class=\"elementor-spacer\">\n\t\t\t<div class=\"elementor-spacer-inner\"><\/div>\n\t\t<\/div>\n\t\t\t\t\t\t<\/div>\n\t\t\t\t<\/div>\n\t\t\t\t\t<\/div>\n\t\t<\/div>\n\t\t\t\t\t<\/div>\n\t\t<\/section>\n\t\t\t\t<section class=\"elementor-section elementor-top-section elementor-element elementor-element-86f2250 elementor-section-stretched elementor-section-full_width elementor-section-height-default elementor-section-height-default\" data-id=\"86f2250\" data-element_type=\"section\" data-settings=\"{&quot;stretch_section&quot;:&quot;section-stretched&quot;,&quot;background_background&quot;:&quot;classic&quot;}\">\n\t\t\t\t\t\t<div class=\"elementor-container elementor-column-gap-default\">\n\t\t\t\t\t<div class=\"elementor-column elementor-col-100 elementor-top-column elementor-element elementor-element-03131b4\" data-id=\"03131b4\" data-element_type=\"column\">\n\t\t\t<div class=\"elementor-widget-wrap elementor-element-populated\">\n\t\t\t\t\t\t<div class=\"elementor-element elementor-element-0548b84 elementor-widget elementor-widget-heading\" data-id=\"0548b84\" data-element_type=\"widget\" data-widget_type=\"heading.default\">\n\t\t\t\t<div class=\"elementor-widget-container\">\n\t\t\t\t\t<p class=\"elementor-heading-title elementor-size-default\"><h3 class=\"module_txt_title_small\">DNA AUS WOLLE<\/h3>\n<\/p>\t\t\t\t<\/div>\n\t\t\t\t<\/div>\n\t\t\t\t\t<\/div>\n\t\t<\/div>\n\t\t\t\t\t<\/div>\n\t\t<\/section>\n\t\t\t\t<section class=\"elementor-section elementor-top-section elementor-element elementor-element-87db937 elementor-section-stretched elementor-section-boxed elementor-section-height-default elementor-section-height-default\" data-id=\"87db937\" data-element_type=\"section\" data-settings=\"{&quot;stretch_section&quot;:&quot;section-stretched&quot;,&quot;background_background&quot;:&quot;classic&quot;}\">\n\t\t\t\t\t\t<div class=\"elementor-container elementor-column-gap-default\">\n\t\t\t\t\t<div class=\"elementor-column elementor-col-100 elementor-top-column elementor-element elementor-element-2f55c3f\" data-id=\"2f55c3f\" data-element_type=\"column\">\n\t\t\t<div class=\"elementor-widget-wrap elementor-element-populated\">\n\t\t\t\t\t\t<div class=\"elementor-element elementor-element-6a8bc56 elementor-widget elementor-widget-heading\" data-id=\"6a8bc56\" data-element_type=\"widget\" data-widget_type=\"heading.default\">\n\t\t\t\t<div class=\"elementor-widget-container\">\n\t\t\t\t\t<h3 class=\"elementor-heading-title elementor-size-medium\"><p>Wir sind die Botschafter der italienischen Strickwaren in aller Welt.\n Von Cashmere bis Baumwolle, von Alpaca bis Merinowolle \u2013 seit \u00fcber 50 \nJahren w\u00e4hlen wir die weltweit besten Garne aus und verweben sie bei der\n Herstellung unserer Pullover.<\/p><\/h3>\t\t\t\t<\/div>\n\t\t\t\t<\/div>\n\t\t\t\t\t<\/div>\n\t\t<\/div>\n\t\t\t\t\t<\/div>\n\t\t<\/section>\n\t\t\t\t<section class=\"elementor-section elementor-top-section elementor-element elementor-element-27e7e0b elementor-section-stretched elementor-section-full_width elementor-section-height-default elementor-section-height-default\" data-id=\"27e7e0b\" data-element_type=\"section\" data-settings=\"{&quot;stretch_section&quot;:&quot;section-stretched&quot;,&quot;background_background&quot;:&quot;classic&quot;}\">\n\t\t\t\t\t\t<div class=\"elementor-container elementor-column-gap-default\">\n\t\t\t\t\t<div class=\"elementor-column elementor-col-100 elementor-top-column elementor-element elementor-element-7de42f4\" data-id=\"7de42f4\" data-element_type=\"column\">\n\t\t\t<div class=\"elementor-widget-wrap elementor-element-populated\">\n\t\t\t\t\t\t<div class=\"elementor-element elementor-element-05818ec elementor-widget elementor-widget-spacer\" data-id=\"05818ec\" data-element_type=\"widget\" data-widget_type=\"spacer.default\">\n\t\t\t\t<div class=\"elementor-widget-container\">\n\t\t\t\t\t\t\t<div class=\"elementor-spacer\">\n\t\t\t<div class=\"elementor-spacer-inner\"><\/div>\n\t\t<\/div>\n\t\t\t\t\t\t<\/div>\n\t\t\t\t<\/div>\n\t\t\t\t\t<\/div>\n\t\t<\/div>\n\t\t\t\t\t<\/div>\n\t\t<\/section>\n\t\t\t\t<section class=\"elementor-section elementor-top-section elementor-element elementor-element-80af31a elementor-section-boxed elementor-section-height-default elementor-section-height-default\" data-id=\"80af31a\" data-element_type=\"section\">\n\t\t\t\t\t\t<div class=\"elementor-container elementor-column-gap-default\">\n\t\t\t\t\t<div class=\"elementor-column elementor-col-100 elementor-top-column elementor-element elementor-element-704d2b4\" data-id=\"704d2b4\" data-element_type=\"column\">\n\t\t\t<div class=\"elementor-widget-wrap elementor-element-populated\">\n\t\t\t\t\t\t<div class=\"elementor-element elementor-element-915955f elementor-widget elementor-widget-heading\" data-id=\"915955f\" data-element_type=\"widget\" data-widget_type=\"heading.default\">\n\t\t\t\t<div class=\"elementor-widget-container\">\n\t\t\t\t\t<h2 class=\"elementor-heading-title elementor-size-default\"><br><br>DIE UNENDLICH GROSSE FARBPALETTE<\/h2>\t\t\t\t<\/div>\n\t\t\t\t<\/div>\n\t\t\t\t<div class=\"elementor-element elementor-element-6cf6fc9 elementor-widget elementor-widget-text-editor\" data-id=\"6cf6fc9\" data-element_type=\"widget\" data-widget_type=\"text-editor.default\">\n\t\t\t\t<div class=\"elementor-widget-container\">\n\t\t\t\t\t\t\t\t\t<p style=\"text-align: center;\">\u00a0<\/p><p style=\"text-align: center;\">Wenn ich Benetton sage, dann denkst Du an Farbe. Heute bestehen unsere Kollektionen aus \u00fcber 50 Farbt\u00f6nen allein f\u00fcr Strickwaren und sind zudem in einem Mix aus abwechslungsreichen Designs und Mustern gestaltet.<\/p><p style=\"text-align: center;\">\u00a0<\/p><p style=\"text-align: center;\">\u00a0<\/p><p style=\"text-align: center;\">\u00a0<\/p>\t\t\t\t\t\t\t\t<\/div>\n\t\t\t\t<\/div>\n\t\t\t\t\t<\/div>\n\t\t<\/div>\n\t\t\t\t\t<\/div>\n\t\t<\/section>\n\t\t\t\t<section class=\"elementor-section elementor-top-section elementor-element elementor-element-1bd9440 elementor-section-full_width elementor-section-stretched elementor-section-height-default elementor-section-height-default\" data-id=\"1bd9440\" data-element_type=\"section\" data-settings=\"{&quot;stretch_section&quot;:&quot;section-stretched&quot;}\">\n\t\t\t\t\t\t<div class=\"elementor-container elementor-column-gap-default\">\n\t\t\t\t\t<div class=\"elementor-column elementor-col-100 elementor-top-column elementor-element elementor-element-ec64e79\" data-id=\"ec64e79\" data-element_type=\"column\">\n\t\t\t<div class=\"elementor-widget-wrap elementor-element-populated\">\n\t\t\t\t\t\t<div class=\"elementor-element elementor-element-1e35856 elementor-widget elementor-widget-google_maps\" data-id=\"1e35856\" data-element_type=\"widget\" data-widget_type=\"google_maps.default\">\n\t\t\t\t<div class=\"elementor-widget-container\">\n\t\t\t\t\t\t\t<div class=\"elementor-custom-embed\">\n\t\t\t<iframe loading=\"lazy\"\n\t\t\t\t\tsrc=\"https:\/\/maps.google.com\/maps?q=Ulm%20Pfauengasse%208&#038;t=m&#038;z=18&#038;output=embed&#038;iwloc=near\"\n\t\t\t\t\ttitle=\"Ulm Pfauengasse 8\"\n\t\t\t\t\taria-label=\"Ulm Pfauengasse 8\"\n\t\t\t><\/iframe>\n\t\t<\/div>\n\t\t\t\t\t\t<\/div>\n\t\t\t\t<\/div>\n\t\t\t\t\t<\/div>\n\t\t<\/div>\n\t\t\t\t\t<\/div>\n\t\t<\/section>\n\t\t\t\t<section class=\"elementor-section elementor-top-section elementor-element elementor-element-6ed76b4 elementor-section-boxed elementor-section-height-default elementor-section-height-default\" data-id=\"6ed76b4\" data-element_type=\"section\">\n\t\t\t\t\t\t<div class=\"elementor-container elementor-column-gap-default\">\n\t\t\t\t\t<div class=\"elementor-column elementor-col-100 elementor-top-column elementor-element elementor-element-f779c5a\" data-id=\"f779c5a\" data-element_type=\"column\">\n\t\t\t<div class=\"elementor-widget-wrap\">\n\t\t\t\t\t\t\t<\/div>\n\t\t<\/div>\n\t\t\t\t\t<\/div>\n\t\t<\/section>\n\t\t\t\t<section class=\"elementor-section elementor-top-section elementor-element elementor-element-127a84f elementor-section-boxed elementor-section-height-default elementor-section-height-default\" data-id=\"127a84f\" data-element_type=\"section\">\n\t\t\t\t\t\t<div class=\"elementor-container elementor-column-gap-default\">\n\t\t\t\t\t<div class=\"elementor-column elementor-col-100 elementor-top-column elementor-element elementor-element-f8d928e\" data-id=\"f8d928e\" data-element_type=\"column\">\n\t\t\t<div class=\"elementor-widget-wrap\">\n\t\t\t\t\t\t\t<\/div>\n\t\t<\/div>\n\t\t\t\t\t<\/div>\n\t\t<\/section>\n\t\t\t\t<\/div>\n\t\t","protected":false},"excerpt":{"rendered":"<p>\u00d6FFNUNGSZEITEN Montag &#8211; Samstag&nbsp; &nbsp;10:00 &#8211; 18:00 Uhr KONTAKT Telefon: 0731 6020730 E-Mail: info@benetton-ulm.de DNA AUS WOLLE Wir sind die Botschafter der italienischen Strickwaren in aller Welt. Von Cashmere bis Baumwolle, von Alpaca bis Merinowolle \u2013 seit \u00fcber 50 Jahren w\u00e4hlen wir die weltweit besten Garne aus und verweben sie bei der Herstellung unserer Pullover. [&hellip;]<\/p>\n","protected":false},"author":1,"featured_media":0,"parent":0,"menu_order":0,"comment_status":"closed","ping_status":"closed","template":"","meta":{"footnotes":""},"class_list":["post-98","page","type-page","status-publish","hentry"],"jetpack_sharing_enabled":true,"_links":{"self":[{"href":"http:\/\/www.benetton-ulm.de\/index.php\/wp-json\/wp\/v2\/pages\/98","targetHints":{"allow":["GET"]}}],"collection":[{"href":"http:\/\/www.benetton-ulm.de\/index.php\/wp-json\/wp\/v2\/pages"}],"about":[{"href":"http:\/\/www.benetton-ulm.de\/index.php\/wp-json\/wp\/v2\/types\/page"}],"author":[{"embeddable":true,"href":"http:\/\/www.benetton-ulm.de\/index.php\/wp-json\/wp\/v2\/users\/1"}],"replies":[{"embeddable":true,"href":"http:\/\/www.benetton-ulm.de\/index.php\/wp-json\/wp\/v2\/comments?post=98"}],"version-history":[{"count":80,"href":"http:\/\/www.benetton-ulm.de\/index.php\/wp-json\/wp\/v2\/pages\/98\/revisions"}],"predecessor-version":[{"id":578,"href":"http:\/\/www.benetton-ulm.de\/index.php\/wp-json\/wp\/v2\/pages\/98\/revisions\/578"}],"wp:attachment":[{"href":"http:\/\/www.benetton-ulm.de\/index.php\/wp-json\/wp\/v2\/media?parent=98"}],"curies":[{"name":"wp","href":"https:\/\/api.w.org\/{rel}","templated":true}]}}